{"id":752,"date":"2024-07-15T15:52:06","date_gmt":"2024-07-15T13:52:06","guid":{"rendered":"https:\/\/mymucette.com\/?page_id=752"},"modified":"2024-11-11T10:48:36","modified_gmt":"2024-11-11T09:48:36","slug":"ateliers","status":"publish","type":"page","link":"https:\/\/mymucette.com\/index.php\/ateliers\/","title":{"rendered":"Ateliers"},"content":{"rendered":"\t\t<div data-elementor-type=\"wp-page\" data-elementor-id=\"752\" class=\"elementor elementor-752\">\n\t\t\t\t<div class=\"elementor-element elementor-element-1507bc6 e-con-full e-flex e-con e-parent\" data-id=\"1507bc6\" data-element_type=\"container\" data-e-type=\"container\">\n\t\t\t\t<div class=\"elementor-element elementor-element-448a2f6 elementor-widget__width-inherit animated-slow elementor-invisible elementor-widget elementor-widget-image\" data-id=\"448a2f6\" data-element_type=\"widget\" data-e-type=\"widget\" data-settings=\"{&quot;_animation&quot;:&quot;fadeIn&quot;}\" data-widget_type=\"image.default\">\n\t\t\t\t<div class=\"elementor-widget-container\">\n\t\t\t\t\t\t\t\t\t\t\t\t\t\t\t<img decoding=\"async\" src=\"https:\/\/mymucette.com\/wp-content\/uploads\/elementor\/thumbs\/Yoga-qr5ffo6ipxbrbbt16gt8ezrh1yftc5vapt5ygzpacg.jpg\" title=\"Yoga\" alt=\"Yoga\" loading=\"lazy\" \/>\t\t\t\t\t\t\t\t\t\t\t\t\t\t\t<\/div>\n\t\t\t\t<\/div>\n\t\t\t\t<\/div>\n\t\t<div class=\"elementor-element elementor-element-7a2faaa e-flex e-con-boxed e-con e-parent\" data-id=\"7a2faaa\" data-element_type=\"container\" data-e-type=\"container\">\n\t\t\t\t\t<div class=\"e-con-inner\">\n\t\t<div class=\"elementor-element elementor-element-9691f8f e-con-full e-flex e-con e-child\" data-id=\"9691f8f\" data-element_type=\"container\" data-e-type=\"container\">\n\t\t\t\t<div class=\"elementor-element elementor-element-3408d7d elementor-widget elementor-widget-image\" data-id=\"3408d7d\" data-element_type=\"widget\" data-e-type=\"widget\" data-widget_type=\"image.default\">\n\t\t\t\t<div class=\"elementor-widget-container\">\n\t\t\t\t\t\t\t\t\t\t\t\t\t\t\t<img fetchpriority=\"high\" decoding=\"async\" width=\"495\" height=\"399\" src=\"https:\/\/mymucette.com\/wp-content\/uploads\/2024\/05\/capture-decran-2024-04-15-111003.webp\" class=\"attachment-large size-large wp-image-126\" alt=\"Ateliers\" srcset=\"https:\/\/mymucette.com\/wp-content\/uploads\/2024\/05\/capture-decran-2024-04-15-111003.webp 495w, https:\/\/mymucette.com\/wp-content\/uploads\/2024\/05\/capture-decran-2024-04-15-111003-300x242.webp 300w\" sizes=\"(max-width: 495px) 100vw, 495px\" \/>\t\t\t\t\t\t\t\t\t\t\t\t\t\t\t<\/div>\n\t\t\t\t<\/div>\n\t\t\t\t<\/div>\n\t\t<div class=\"elementor-element elementor-element-2f0f4e2 e-con-full e-flex e-con e-child\" data-id=\"2f0f4e2\" data-element_type=\"container\" data-e-type=\"container\">\n\t\t\t\t<div class=\"elementor-element elementor-element-ccde5e4 elementor-widget elementor-widget-heading\" data-id=\"ccde5e4\" data-element_type=\"widget\" data-e-type=\"widget\" data-widget_type=\"heading.default\">\n\t\t\t\t<div class=\"elementor-widget-container\">\n\t\t\t\t\t<h2 class=\"elementor-heading-title elementor-size-default\">L' ATELIER BY MUCETTE <\/h2>\t\t\t\t<\/div>\n\t\t\t\t<\/div>\n\t\t\t\t<div class=\"elementor-element elementor-element-f615675 elementor-widget elementor-widget-text-editor\" data-id=\"f615675\" data-element_type=\"widget\" data-e-type=\"widget\" data-widget_type=\"text-editor.default\">\n\t\t\t\t<div class=\"elementor-widget-container\">\n\t\t\t\t\t\t\t\t\t<p><span style=\"font-size: 20px; font-family: gill-new-antique;\">Dans une salle d\u00e9di\u00e9e et baign\u00e9e de lumi\u00e8re, nous vous offrons un large choix d&rsquo;ateliers. Il y en a pour tous les go\u00fbts et tous les \u00e2ges.<\/span><br \/><br \/><\/p><p><span style=\"font-size: 20px; font-family: gill-new-antique;\">Au programme: yoga, \u00e9veil musical, jeux de soci\u00e9t\u00e9, lecture de contes, ateliers cr\u00e9atifs&#8230;et ateliers p\u00e2tisseries bien s\u00fbr!<\/span><\/p><p><span style=\"font-size: 20px; font-family: gill-new-antique;\"><br \/>Ces activit\u00e9s sont dispens\u00e9es par des intervenants professionnels passionn\u00e9s, tels que des kin\u00e9sith\u00e9rapeutes ou professionnels de la petite enfance.<\/span><br \/><br \/><\/p><p><span style=\"font-size: 20px; font-family: gill-new-antique;\">Visualisez le planning de vos prochains ateliers ci-apr\u00e8s.<\/span><\/p>\t\t\t\t\t\t\t\t<\/div>\n\t\t\t\t<\/div>\n\t\t\t\t<\/div>\n\t\t\t\t\t<\/div>\n\t\t\t\t<\/div>\n\t\t<div class=\"elementor-element elementor-element-0e56424 e-flex e-con-boxed e-con e-parent\" data-id=\"0e56424\" data-element_type=\"container\" data-e-type=\"container\">\n\t\t\t\t\t<div class=\"e-con-inner\">\n\t\t\t\t<div class=\"elementor-element elementor-element-ec71a87 elementor-widget elementor-widget-heading\" data-id=\"ec71a87\" data-element_type=\"widget\" data-e-type=\"widget\" data-widget_type=\"heading.default\">\n\t\t\t\t<div class=\"elementor-widget-container\">\n\t\t\t\t\t<h2 class=\"elementor-heading-title elementor-size-default\">R\u00c9SERVEZ VOS ATELIERS ICI<\/h2>\t\t\t\t<\/div>\n\t\t\t\t<\/div>\n\t\t\t\t<div class=\"elementor-element elementor-element-d6a0a39 elementor-widget-divider--separator-type-pattern elementor-widget-divider--view-line elementor-widget elementor-widget-divider\" data-id=\"d6a0a39\" data-element_type=\"widget\" data-e-type=\"widget\" data-widget_type=\"divider.default\">\n\t\t\t\t<div class=\"elementor-widget-container\">\n\t\t\t\t\t\t\t<div class=\"elementor-divider\" style=\"--divider-pattern-url: url(&quot;data:image\/svg+xml,%3Csvg xmlns=&#039;http:\/\/www.w3.org\/2000\/svg&#039; preserveAspectRatio=&#039;none&#039; overflow=&#039;visible&#039; height=&#039;100%&#039; viewBox=&#039;0 0 24 24&#039; fill=&#039;black&#039; stroke=&#039;none&#039;%3E%3Cpath d=&#039;M12.7,2.3c-0.4-0.4-1.1-0.4-1.5,0l-8,9.1c-0.3,0.4-0.3,0.9,0,1.2l8,9.1c0.4,0.4,1.1,0.4,1.5,0l8-9.1c0.3-0.4,0.3-0.9,0-1.2L12.7,2.3z&#039;\/%3E%3C\/svg%3E&quot;);\">\n\t\t\t<span class=\"elementor-divider-separator\">\n\t\t\t\t\t\t<\/span>\n\t\t<\/div>\n\t\t\t\t\t\t<\/div>\n\t\t\t\t<\/div>\n\t\t\t\t\t<\/div>\n\t\t\t\t<\/div>\n\t\t<div class=\"elementor-element elementor-element-02bfa71 e-flex e-con-boxed e-con e-parent\" data-id=\"02bfa71\" data-element_type=\"container\" data-e-type=\"container\">\n\t\t\t\t\t<div class=\"e-con-inner\">\n\t\t\t\t<div class=\"elementor-element elementor-element-ff4a2f3 elementor-widget elementor-widget-shortcode\" data-id=\"ff4a2f3\" data-element_type=\"widget\" data-e-type=\"widget\" data-widget_type=\"shortcode.default\">\n\t\t\t\t<div class=\"elementor-widget-container\">\n\t\t\t\t\t\t\t<div class=\"elementor-shortcode\"><script>\n  if (typeof hasAmeliaEvent === 'undefined') {\n    var hasAmeliaEvent = true;\n  }\n  if (typeof hasEventApiCall === 'undefined' && ('' === '' && '' !== '1')) {\n    var hasEventApiCall = true;\n  }\n  var hasEventShortcode = (typeof hasEventShortcode === 'undefined') ? false : true;\n  var ameliaShortcodeData = (typeof ameliaShortcodeData === 'undefined') ? [] : ameliaShortcodeData;\n  ameliaShortcodeData.push(\n    {\n      'hasApiCall': (typeof hasEventApiCall !== 'undefined') && hasEventApiCall,\n      'trigger': '',\n      'trigger_type': '',\n      'triggered_form': 'ecf',\n      'in_dialog': '',\n      'counter': '1000',\n      'employee': '',\n      'eventId': '',\n      'eventRecurring': 0,\n      'eventTag': \"\",\n      'locationId': \"\"\n    }\n  );\n  var ameliaShortcodeDataTriggered = (typeof ameliaShortcodeDataTriggered === 'undefined') ? [] : ameliaShortcodeDataTriggered;\n  if (ameliaShortcodeData[ameliaShortcodeData.length - 1].trigger !== '') {\n    if (ameliaShortcodeDataTriggered.filter(a => a.counter === ameliaShortcodeData[ameliaShortcodeData.length - 1].counter).length === 0) {\n      ameliaShortcodeDataTriggered.push(ameliaShortcodeData.pop());\n    } else {\n      ameliaShortcodeData.pop()\n    }\n  }\n  if (typeof hasEventApiCall !== 'undefined' && hasEventApiCall) {\n    hasEventApiCall = false;\n  }\n<\/script>\n\n<div\n  id=\"amelia-v2-booking-1000\"\n  class=\"amelia-v2-booking\"\n>\n    <events-calendar-form-wrapper><\/div>\n <\/div>\n\t\t\t\t\t\t<\/div>\n\t\t\t\t<\/div>\n\t\t\t\t\t<\/div>\n\t\t\t\t<\/div>\n\t\t<div class=\"elementor-element elementor-element-35c2f6f e-flex e-con-boxed e-con e-parent\" data-id=\"35c2f6f\" data-element_type=\"container\" data-e-type=\"container\">\n\t\t\t\t\t<div class=\"e-con-inner\">\n\t\t\t\t\t<\/div>\n\t\t\t\t<\/div>\n\t\t\t\t<\/div>\n\t\t","protected":false},"excerpt":{"rendered":"<p>L&rsquo; ATELIER BY MUCETTE Dans une salle d\u00e9di\u00e9e et baign\u00e9e de lumi\u00e8re, nous vous offrons un large choix d&rsquo;ateliers. Il [&hellip;]<\/p>\n","protected":false},"author":1,"featured_media":0,"parent":0,"menu_order":0,"comment_status":"closed","ping_status":"closed","template":"","meta":{"site-sidebar-layout":"no-sidebar","site-content-layout":"","ast-site-content-layout":"full-width-container","site-content-style":"default","site-sidebar-style":"default","ast-global-header-display":"","ast-banner-title-visibility":"","ast-main-header-display":"","ast-hfb-above-header-display":"","ast-hfb-below-header-display":"","ast-hfb-mobile-header-display":"","site-post-title":"disabled","ast-breadcrumbs-content":"","ast-featured-img":"disabled","footer-sml-layout":"","ast-disable-related-posts":"","theme-transparent-header-meta":"","adv-header-id-meta":"","stick-header-meta":"","header-above-stick-meta":"","header-main-stick-meta":"","header-below-stick-meta":"","astra-migrate-meta-layouts":"default","ast-page-background-enabled":"default","ast-page-background-meta":{"desktop":{"background-color":"var(--ast-global-color-4)","background-image":"","background-repeat":"repeat","background-position":"center center","background-size":"auto","background-attachment":"scroll","background-type":"","background-media":"","overlay-type":"","overlay-color":"","overlay-opacity":"","overlay-gradient":""},"tablet":{"background-color":"","background-image":"","background-repeat":"repeat","background-position":"center center","background-size":"auto","background-attachment":"scroll","background-type":"","background-media":"","overlay-type":"","overlay-color":"","overlay-opacity":"","overlay-gradient":""},"mobile":{"background-color":"","background-image":"","background-repeat":"repeat","background-position":"center center","background-size":"auto","background-attachment":"scroll","background-type":"","background-media":"","overlay-type":"","overlay-color":"","overlay-opacity":"","overlay-gradient":""}},"ast-content-background-meta":{"desktop":{"background-color":"var(--ast-global-color-5)","background-image":"","background-repeat":"repeat","background-position":"center center","background-size":"auto","background-attachment":"scroll","background-type":"","background-media":"","overlay-type":"","overlay-color":"","overlay-opacity":"","overlay-gradient":""},"tablet":{"background-color":"var(--ast-global-color-5)","background-image":"","background-repeat":"repeat","background-position":"center center","background-size":"auto","background-attachment":"scroll","background-type":"","background-media":"","overlay-type":"","overlay-color":"","overlay-opacity":"","overlay-gradient":""},"mobile":{"background-color":"var(--ast-global-color-5)","background-image":"","background-repeat":"repeat","background-position":"center center","background-size":"auto","background-attachment":"scroll","background-type":"","background-media":"","overlay-type":"","overlay-color":"","overlay-opacity":"","overlay-gradient":""}},"footnotes":""},"class_list":["post-752","page","type-page","status-publish","hentry"],"yoast_head":"<!-- This site is optimized with the Yoast SEO plugin v27.4 - https:\/\/yoast.com\/product\/yoast-seo-wordpress\/ -->\n<title>Nos ateliers - Mucette<\/title>\n<meta name=\"description\" content=\"Dans une salle d\u00e9di\u00e9e et baign\u00e9e de lumi\u00e8re, nous vous offrons un large choix d\u2019ateliers. Il y en a pour tous les go\u00fbts et tous les \u00e2ges.\" \/>\n<meta name=\"robots\" content=\"index, follow, max-snippet:-1, max-image-preview:large, max-video-preview:-1\" \/>\n<link rel=\"canonical\" href=\"https:\/\/mymucette.com\/index.php\/ateliers\/\" \/>\n<meta property=\"og:locale\" content=\"fr_FR\" \/>\n<meta property=\"og:type\" content=\"article\" \/>\n<meta property=\"og:title\" content=\"Nos ateliers - Mucette\" \/>\n<meta property=\"og:description\" content=\"Dans une salle d\u00e9di\u00e9e et baign\u00e9e de lumi\u00e8re, nous vous offrons un large choix d\u2019ateliers. Il y en a pour tous les go\u00fbts et tous les \u00e2ges.\" \/>\n<meta property=\"og:url\" content=\"https:\/\/mymucette.com\/index.php\/ateliers\/\" \/>\n<meta property=\"og:site_name\" content=\"Mucette\" \/>\n<meta property=\"article:publisher\" content=\"https:\/\/www.facebook.com\/share\/yfZKdnzCqWVjjqRw\/\" \/>\n<meta property=\"article:modified_time\" content=\"2024-11-11T09:48:36+00:00\" \/>\n<meta property=\"og:image\" content=\"https:\/\/mymucette.com\/wp-content\/uploads\/elementor\/thumbs\/Yoga-qr5ffo6ipxbrbbt16gt8ezrh1yftc5vapt5y5rfylc.jpg\" \/>\n<meta name=\"twitter:card\" content=\"summary_large_image\" \/>\n<meta name=\"twitter:label1\" content=\"Dur\u00e9e de lecture estim\u00e9e\" \/>\n\t<meta name=\"twitter:data1\" content=\"1 minute\" \/>\n<script type=\"application\/ld+json\" class=\"yoast-schema-graph\">{\"@context\":\"https:\\\/\\\/schema.org\",\"@graph\":[{\"@type\":\"WebPage\",\"@id\":\"https:\\\/\\\/mymucette.com\\\/index.php\\\/ateliers\\\/\",\"url\":\"https:\\\/\\\/mymucette.com\\\/index.php\\\/ateliers\\\/\",\"name\":\"Nos ateliers - Mucette\",\"isPartOf\":{\"@id\":\"https:\\\/\\\/mymucette.com\\\/#website\"},\"primaryImageOfPage\":{\"@id\":\"https:\\\/\\\/mymucette.com\\\/index.php\\\/ateliers\\\/#primaryimage\"},\"image\":{\"@id\":\"https:\\\/\\\/mymucette.com\\\/index.php\\\/ateliers\\\/#primaryimage\"},\"thumbnailUrl\":\"https:\\\/\\\/mymucette.com\\\/wp-content\\\/uploads\\\/elementor\\\/thumbs\\\/Yoga-qr5ffo6ipxbrbbt16gt8ezrh1yftc5vapt5y5rfylc.jpg\",\"datePublished\":\"2024-07-15T13:52:06+00:00\",\"dateModified\":\"2024-11-11T09:48:36+00:00\",\"description\":\"Dans une salle d\u00e9di\u00e9e et baign\u00e9e de lumi\u00e8re, nous vous offrons un large choix d\u2019ateliers. Il y en a pour tous les go\u00fbts et tous les \u00e2ges.\",\"breadcrumb\":{\"@id\":\"https:\\\/\\\/mymucette.com\\\/index.php\\\/ateliers\\\/#breadcrumb\"},\"inLanguage\":\"fr-FR\",\"potentialAction\":[{\"@type\":\"ReadAction\",\"target\":[\"https:\\\/\\\/mymucette.com\\\/index.php\\\/ateliers\\\/\"]}]},{\"@type\":\"ImageObject\",\"inLanguage\":\"fr-FR\",\"@id\":\"https:\\\/\\\/mymucette.com\\\/index.php\\\/ateliers\\\/#primaryimage\",\"url\":\"https:\\\/\\\/mymucette.com\\\/wp-content\\\/uploads\\\/elementor\\\/thumbs\\\/Yoga-qr5ffo6ipxbrbbt16gt8ezrh1yftc5vapt5y5rfylc.jpg\",\"contentUrl\":\"https:\\\/\\\/mymucette.com\\\/wp-content\\\/uploads\\\/elementor\\\/thumbs\\\/Yoga-qr5ffo6ipxbrbbt16gt8ezrh1yftc5vapt5y5rfylc.jpg\"},{\"@type\":\"BreadcrumbList\",\"@id\":\"https:\\\/\\\/mymucette.com\\\/index.php\\\/ateliers\\\/#breadcrumb\",\"itemListElement\":[{\"@type\":\"ListItem\",\"position\":1,\"name\":\"Accueil\",\"item\":\"https:\\\/\\\/mymucette.com\\\/\"},{\"@type\":\"ListItem\",\"position\":2,\"name\":\"Ateliers\"}]},{\"@type\":\"WebSite\",\"@id\":\"https:\\\/\\\/mymucette.com\\\/#website\",\"url\":\"https:\\\/\\\/mymucette.com\\\/\",\"name\":\"Mucette\",\"description\":\"Votre nouveau salon de th\u00e9 kids friendly \u00e0 Chessy Val d&#039;Europe\",\"publisher\":{\"@id\":\"https:\\\/\\\/mymucette.com\\\/#organization\"},\"potentialAction\":[{\"@type\":\"SearchAction\",\"target\":{\"@type\":\"EntryPoint\",\"urlTemplate\":\"https:\\\/\\\/mymucette.com\\\/?s={search_term_string}\"},\"query-input\":{\"@type\":\"PropertyValueSpecification\",\"valueRequired\":true,\"valueName\":\"search_term_string\"}}],\"inLanguage\":\"fr-FR\"},{\"@type\":\"Organization\",\"@id\":\"https:\\\/\\\/mymucette.com\\\/#organization\",\"name\":\"Mucette\",\"url\":\"https:\\\/\\\/mymucette.com\\\/\",\"logo\":{\"@type\":\"ImageObject\",\"inLanguage\":\"fr-FR\",\"@id\":\"https:\\\/\\\/mymucette.com\\\/#\\\/schema\\\/logo\\\/image\\\/\",\"url\":\"https:\\\/\\\/mymucette.com\\\/wp-content\\\/uploads\\\/2024\\\/05\\\/LOGO-MUCETTE_Plan-de-travail-1-2-scaled.png\",\"contentUrl\":\"https:\\\/\\\/mymucette.com\\\/wp-content\\\/uploads\\\/2024\\\/05\\\/LOGO-MUCETTE_Plan-de-travail-1-2-scaled.png\",\"width\":2560,\"height\":1810,\"caption\":\"Mucette\"},\"image\":{\"@id\":\"https:\\\/\\\/mymucette.com\\\/#\\\/schema\\\/logo\\\/image\\\/\"},\"sameAs\":[\"https:\\\/\\\/www.facebook.com\\\/share\\\/yfZKdnzCqWVjjqRw\\\/\",\"https:\\\/\\\/www.instagram.com\\\/mucette_salondethe\\\/\",\"https:\\\/\\\/www.linkedin.com\\\/company\\\/mucette\\\/\"]}]}<\/script>\n<!-- \/ Yoast SEO plugin. -->","yoast_head_json":{"title":"Nos ateliers - Mucette","description":"Dans une salle d\u00e9di\u00e9e et baign\u00e9e de lumi\u00e8re, nous vous offrons un large choix d\u2019ateliers. Il y en a pour tous les go\u00fbts et tous les \u00e2ges.","robots":{"index":"index","follow":"follow","max-snippet":"max-snippet:-1","max-image-preview":"max-image-preview:large","max-video-preview":"max-video-preview:-1"},"canonical":"https:\/\/mymucette.com\/index.php\/ateliers\/","og_locale":"fr_FR","og_type":"article","og_title":"Nos ateliers - Mucette","og_description":"Dans une salle d\u00e9di\u00e9e et baign\u00e9e de lumi\u00e8re, nous vous offrons un large choix d\u2019ateliers. Il y en a pour tous les go\u00fbts et tous les \u00e2ges.","og_url":"https:\/\/mymucette.com\/index.php\/ateliers\/","og_site_name":"Mucette","article_publisher":"https:\/\/www.facebook.com\/share\/yfZKdnzCqWVjjqRw\/","article_modified_time":"2024-11-11T09:48:36+00:00","og_image":[{"url":"https:\/\/mymucette.com\/wp-content\/uploads\/elementor\/thumbs\/Yoga-qr5ffo6ipxbrbbt16gt8ezrh1yftc5vapt5y5rfylc.jpg","type":"","width":"","height":""}],"twitter_card":"summary_large_image","twitter_misc":{"Dur\u00e9e de lecture estim\u00e9e":"1 minute"},"schema":{"@context":"https:\/\/schema.org","@graph":[{"@type":"WebPage","@id":"https:\/\/mymucette.com\/index.php\/ateliers\/","url":"https:\/\/mymucette.com\/index.php\/ateliers\/","name":"Nos ateliers - Mucette","isPartOf":{"@id":"https:\/\/mymucette.com\/#website"},"primaryImageOfPage":{"@id":"https:\/\/mymucette.com\/index.php\/ateliers\/#primaryimage"},"image":{"@id":"https:\/\/mymucette.com\/index.php\/ateliers\/#primaryimage"},"thumbnailUrl":"https:\/\/mymucette.com\/wp-content\/uploads\/elementor\/thumbs\/Yoga-qr5ffo6ipxbrbbt16gt8ezrh1yftc5vapt5y5rfylc.jpg","datePublished":"2024-07-15T13:52:06+00:00","dateModified":"2024-11-11T09:48:36+00:00","description":"Dans une salle d\u00e9di\u00e9e et baign\u00e9e de lumi\u00e8re, nous vous offrons un large choix d\u2019ateliers. Il y en a pour tous les go\u00fbts et tous les \u00e2ges.","breadcrumb":{"@id":"https:\/\/mymucette.com\/index.php\/ateliers\/#breadcrumb"},"inLanguage":"fr-FR","potentialAction":[{"@type":"ReadAction","target":["https:\/\/mymucette.com\/index.php\/ateliers\/"]}]},{"@type":"ImageObject","inLanguage":"fr-FR","@id":"https:\/\/mymucette.com\/index.php\/ateliers\/#primaryimage","url":"https:\/\/mymucette.com\/wp-content\/uploads\/elementor\/thumbs\/Yoga-qr5ffo6ipxbrbbt16gt8ezrh1yftc5vapt5y5rfylc.jpg","contentUrl":"https:\/\/mymucette.com\/wp-content\/uploads\/elementor\/thumbs\/Yoga-qr5ffo6ipxbrbbt16gt8ezrh1yftc5vapt5y5rfylc.jpg"},{"@type":"BreadcrumbList","@id":"https:\/\/mymucette.com\/index.php\/ateliers\/#breadcrumb","itemListElement":[{"@type":"ListItem","position":1,"name":"Accueil","item":"https:\/\/mymucette.com\/"},{"@type":"ListItem","position":2,"name":"Ateliers"}]},{"@type":"WebSite","@id":"https:\/\/mymucette.com\/#website","url":"https:\/\/mymucette.com\/","name":"Mucette","description":"Votre nouveau salon de th\u00e9 kids friendly \u00e0 Chessy Val d&#039;Europe","publisher":{"@id":"https:\/\/mymucette.com\/#organization"},"potentialAction":[{"@type":"SearchAction","target":{"@type":"EntryPoint","urlTemplate":"https:\/\/mymucette.com\/?s={search_term_string}"},"query-input":{"@type":"PropertyValueSpecification","valueRequired":true,"valueName":"search_term_string"}}],"inLanguage":"fr-FR"},{"@type":"Organization","@id":"https:\/\/mymucette.com\/#organization","name":"Mucette","url":"https:\/\/mymucette.com\/","logo":{"@type":"ImageObject","inLanguage":"fr-FR","@id":"https:\/\/mymucette.com\/#\/schema\/logo\/image\/","url":"https:\/\/mymucette.com\/wp-content\/uploads\/2024\/05\/LOGO-MUCETTE_Plan-de-travail-1-2-scaled.png","contentUrl":"https:\/\/mymucette.com\/wp-content\/uploads\/2024\/05\/LOGO-MUCETTE_Plan-de-travail-1-2-scaled.png","width":2560,"height":1810,"caption":"Mucette"},"image":{"@id":"https:\/\/mymucette.com\/#\/schema\/logo\/image\/"},"sameAs":["https:\/\/www.facebook.com\/share\/yfZKdnzCqWVjjqRw\/","https:\/\/www.instagram.com\/mucette_salondethe\/","https:\/\/www.linkedin.com\/company\/mucette\/"]}]}},"jetpack_sharing_enabled":true,"_links":{"self":[{"href":"https:\/\/mymucette.com\/index.php\/wp-json\/wp\/v2\/pages\/752","targetHints":{"allow":["GET"]}}],"collection":[{"href":"https:\/\/mymucette.com\/index.php\/wp-json\/wp\/v2\/pages"}],"about":[{"href":"https:\/\/mymucette.com\/index.php\/wp-json\/wp\/v2\/types\/page"}],"author":[{"embeddable":true,"href":"https:\/\/mymucette.com\/index.php\/wp-json\/wp\/v2\/users\/1"}],"replies":[{"embeddable":true,"href":"https:\/\/mymucette.com\/index.php\/wp-json\/wp\/v2\/comments?post=752"}],"version-history":[{"count":181,"href":"https:\/\/mymucette.com\/index.php\/wp-json\/wp\/v2\/pages\/752\/revisions"}],"predecessor-version":[{"id":3439,"href":"https:\/\/mymucette.com\/index.php\/wp-json\/wp\/v2\/pages\/752\/revisions\/3439"}],"wp:attachment":[{"href":"https:\/\/mymucette.com\/index.php\/wp-json\/wp\/v2\/media?parent=752"}],"curies":[{"name":"wp","href":"https:\/\/api.w.org\/{rel}","templated":true}]}}